{"id":36,"date":"2014-10-10T14:38:46","date_gmt":"2014-10-10T12:38:46","guid":{"rendered":"http:\/\/osdc.at\/?page_id=36"},"modified":"2024-10-25T11:00:47","modified_gmt":"2024-10-25T09:00:47","slug":"allgemeine-regeln-richtlinien","status":"publish","type":"page","link":"https:\/\/www.osdc.at\/?page_id=36","title":{"rendered":"Allgemeine Regeln\/Richtlinien f\u00fcr CUP &#8211; DOPPEL"},"content":{"rendered":"<h1 style=\"text-align: center;\">Allgemeine Regeln und Richtlinien f\u00fcr OSDC &#8211; DART CUP<\/h1>\n<h4>1. Mannschaft<\/h4>\n<p>1. Eine Mannschaft muss bei dem (OSDC Ossiachersee Dart Cup) gemeldet sein.<br \/>\n2. Eine Mannschaft besteht pro Ligaspiel aus mindestens 3,h\u00f6chstens 8 Personen, die zum Einsatz kommen.<br \/>\n3. Wenn nur 3 Spieler zum Einsatz kommen ist von dieser Mannschaft auf dem Spielbericht H-4 bzw. G-4 zu streichen und wird in jeden<br \/>\nSpielabschnitt mit 2:0 bzw. 0:2 gewertet!!!<br \/>\n4. Es k\u00f6nnen bei jedem Ligaspiel andere Personen spielen. Diese m\u00fcssen jedoch bei der Mannschaft, f\u00fcr die sie spielen, gemeldet sein.<\/p>\n<h4>2. Spieler<\/h4>\n<p>1. Der Spieler muss bei jener Mannschaft gemeldet sein, f\u00fcr die er das Ligaspiel bestreitet.<br \/>\n2. Innerhalb einer Spiel-Saison kann ein Spieler die Mannschaft nicht wechseln. Er verbleibt f\u00fcr den Rest der Saison in dieser Mannschaft.<br \/>\n3. Nachmeldungen von Spielern (bzw. neuen Spielern) w\u00e4hrend der laufenden Saison sind m\u00f6glich, sofern diese Spieler bis zu diesem<br \/>\nZeitpunkt in keiner anderen Mannschaft gespielt haben.<\/p>\n<h4>3. Mannschaftskapit\u00e4ne<\/h4>\n<p>1. Einhaltung der Liga-Regeln und ordnungsgem\u00e4\u00dfer Ablauf des Ligaspiels.<br \/>\n2. Die Ger\u00e4tebereitstellung mindestens 15 Min. vor dem angesetzten Spielbeginn f\u00fcr die Gastmannschaft zum Einwerfen.<br \/>\n3. Die Kontrolle des Liga-Protokolls vor Spielbeginn. ( Richtigkeit der Aufstellung, der Leserlichkeit und des Ausf\u00fcllen des Liga-Protokolls.)<br \/>\n4. Er hat darauf zu achten, dass sich Spieler, welche lt. Spielablauf des Spielprotokolls an der Reihe sind, sofort am Turnierger\u00e4t einfinden.<br \/>\n5. Das Spielprotokoll ist von der Heimmannschaft bis sp\u00e4testens Montag nach der jeweiligen Begegnung an die Ligaverwaltung zu senden.<br \/>\nSollte das Spielprotokoll nicht fristgerecht bei der Ligaverwaltung einlangen, so wird das Spiel mit 0:16 und 0:32 gewertet und mit einem<br \/>\nStrafgeld lt. Strafen-Katalog geahndet.<br \/>\n6. Das Ligaprotokoll wird per Fax oder E-mail der Ligaverwaltung \u00fcbermittelt.<\/p>\n<h4>4. M\u00fcnzeinwurf<\/h4>\n<p>Der jeweilige Wirt hat das Dartger\u00e4t zur Verf\u00fcgung zu stellen. Jede Mannschaft hat pro Spieltag bei dem zu spielenden Wirten einen Betrag<br \/>\nvon \u20ac 24.- zu entrichten!<\/p>\n<h4>5. Spielabschnitte<\/h4>\n<p>1. Jedes Ligaspiel besteht aus 16 Begegnungen, welche in 4 Spielabschnitte unterteilt sind. Die vier Spielabschnitte bestehen aus<br \/>\nEinzelbegegnungen.<br \/>\n2. In allen Abschnitten m\u00fcssen vier verschiedene Spieler zum Einsatz kommen. Aufstellungsfehler werden mit 2:0 f\u00fcr die Gegnermannschaft<br \/>\ngewertet.<\/p>\n<h4>6. Spieltermine<\/h4>\n<p>1. Der jeweilige Spieltermin aus dem Turnierkalender ist f\u00fcr alle Ligamannschaften verbindlich.<br \/>\n2. Spielverschiebungen sind, mit Einverst\u00e4ndnis beider Mannschaften m\u00f6glich, jedoch m\u00fcssen Spiele die in der ersten Halbzeit verschoben<br \/>\nwerden noch in der ersten Halbzeit nachgespielt werden; Verschiebungen in der zweiten Halbzeit noch vor dem letzten Spiel. Kommt es zu<br \/>\neiner Spielverschiebung, so ist von Seiten der beiden Mannschaftsf\u00fchrern die Ligaverwaltung zu informieren. Die Verschiebung sollte in der<br \/>\nvorgesehenen Spielwoche erfolgen. Jede Mannschaft darf maximal zwei Spiele pro Saison verschieben. Eine dritte Spielverschiebung ist<br \/>\nnicht m\u00f6glich und gilt als nicht antreten (Strafbeglaubigt 16:0\/32:0)<br \/>\n3. Bei h\u00f6herer Gewalt ( Unfall, Stau, Unwetter, Autopanne ) sollte diegegnerische Mannschaft bis sp\u00e4testens 1 Stunde danach informiert<br \/>\nwerden.<\/p>\n<h4>7. Punkte<\/h4>\n<p>Jeder Spieler erh\u00e4lt f\u00fcr einen 2:0 Sieg 4 Punkte, f\u00fcr einen 2:1 Sieg 3 Punkte, f\u00fcr eine 1:2 Niederlage 1 Punkte und f\u00fcr eine 0:2 Niederlage 0<br \/>\nPunkte in der Rangliste.<\/p>\n<h4>8. Nichtantreten einer Mannschaft<\/h4>\n<p>1. Tritt eine Mannschaft zweimal zu einem Ligaspiel nicht an, so wird sie automatisch von der Liga gestrichen. Alle Spiele dieser Mannschaft<br \/>\nwerden mit 16:0 Spiele, 32:0 Score und 2 Punkte in der Ligatabelle f\u00fcr den Gegner gewertet. Abh\u00e4ngig vom zweiten Nichtantritt wird<br \/>\nentschieden, ob beide Halbzeiten oder nur eine Halbzeit mit 16:0\/32:0 gewertet wird. Die noch ausst\u00e4ndigen Spiele gegen diese Mannschaft<br \/>\nm\u00fcssen nicht mehr gespielt werden. Es muss jedoch ein Spielprotokoll mit dem Vermerk &#8222;Gegner gestrichen&#8220; an die Ligaverwaltung<br \/>\ngesendet werden. Jeder im Spielprotokoll eingetragene Spieler erh\u00e4lt 10 Punkte f\u00fcr die Rangliste.<br \/>\n2. Tritt eine Mannschaft nicht an, weil sie nichts mehr zu verlieren hat ( z.B. Mannschaft ist fix Erster und hilft einen m\u00f6glichen Absteiger )<br \/>\nwerden 6 Punkte aus der Ligatabelle abgezogen.<br \/>\na) Bei erstmaligem Nichtantritt werden 6 Punkte in der Ligatabelle abgezogen.<br \/>\nb) F\u00fcr Nichtantreten wird zus\u00e4tzlich ein Strafgeld in der H\u00f6he von Euro 50,00 eingefordert.<br \/>\nc) Liegt allerdings ein von beiden Mannschaftsf\u00fchrern unterzeichnetes Protokoll bei der Ligaverwaltung vor, so entfallen diese Sanktionen<br \/>\n(Strafgeld und Punkteabzug). Bei nachweislicher Manipulation des Ligaprotokolls ist mit einem zus\u00e4tzlichen Strafgeld von Euro 100,- und<br \/>\nVerweis der Mannschaft aus der Liga zu rechnen.<\/p>\n<h4>9. Allgemeine Ligaregeln<\/h4>\n<p>1. Bei einem Ligaspiel gelten nur die aktuellen allgemeinenTurnierregeln.<br \/>\n2. Es muss ausnahmslos das vom OSDC vorgegebene Spielprotokoll verwendet werden. Dieses ist von der Heimmannschaft zur Verf\u00fcgung<br \/>\nzu stellen.<br \/>\n3. Das Spielprotokoll wird von der Ligaverwaltung nur anerkannt, wenn es vorschriftsm\u00e4\u00dfig ausgef\u00fcllt, aktuell und von beiden<br \/>\nMannschaftsf\u00fchrern unterschrieben wurde.<br \/>\n4. Es wird 301 DO auf zwei gewonnene S\u00e4tze gespielt.<br \/>\n5. In Ligaspielen gilt allgemein eine Rundenbegrenzung von 10 Runden. In der 11. Runde wird das Spiel mittels Bullwurf entschieden.<br \/>\n10. Tabelle\/Wertungen<br \/>\n1. F\u00fcr jedes der gespielten Einzel oder Doppel wird ein Mannschafts-Punkt vergeben. Es werden 20 Punkte pro Match ausgespielt.<br \/>\nAb vier gespielte Dameneinzel gibt es einen Zusatzpunkt. F\u00fcr weitere vier Dameneinzel gibt es jeweils einen Zusatzpunkt. Es werden\u00a020<br \/>\nPunkte pro Match ausgespielt, + max. 4 Zusatzpunkte pro Mannschaft (16 Dameneinzel) &#8211; keine halben Punkte.<br \/>\n2. Die Siegermannschaft erh\u00e4lt 2 Mannschafts-Punkte f\u00fcr die Tabelle, die Verlierermannschaft keinen Mannschafts-Punkt. Bei<br \/>\nUnentschieden (10:10) erh\u00e4lt jede Mannschaft 1 Mannschafts-Punkt.<br \/>\n3. Wertungsreihenfolge<br \/>\n3.1 Mannschaftspunkte<br \/>\n3.2 Punkte Einzelspiele<br \/>\n3.3 Satzdifferenz Einzelspiele<br \/>\n3.4 Direktes Verh\u00e4ltnis<br \/>\n3.5 Entscheidungsspiel auf neutralem Boden<br \/>\nAb vier gespielte Dameneinzel gibt es einen Zusatzpunkt.<br \/>\nF\u00fcr weitere vier Dameneinzel gibt es jeweils einen Zusatzpunkt.<br \/>\nEs werden 20 Punkte pro Match ausgespielt, + max. 4 Zusatzpunkte pro Mannschaft (16 Dameneinzel) es gibt keine halben Punkte.<\/p>\n<h1 style=\"text-align: center;\">Allgemeine Regeln und Richtlinien f\u00fcr MIXED-OSDC-DOPPEL-LEAGUE<\/h1>\n<h3>1. Mannschaft \/ Team<\/h3>\n<p>1. Eine Mannschaft\/ Team muss bei dem (OSDC Ossiachersee Dart Cup) gemeldet sein.<br \/>\n2. Eine Mannschaft besteht aus 1 Mann und 1 Frau, die ausgewechselt werden k\u00f6nnen. (Wechsel nur Spielbeginn!)<\/p>\n<h3>2. Spieler<\/h3>\n<p>1. Ein Spieler kann nur bei einer Mannschaft \/ Team spielen.<\/p>\n<h3>3.Mannschaftskapit\u00e4ne<\/h3>\n<p>1. Einhaltung der Liga-Regeln und ordnungsgem\u00e4\u00dfer Ablauf des Ligaspiels.<br \/>\n2. Die Ger\u00e4tebereitstellung mindestens 15 Min. vor dem angesetzten Spielbeginn f\u00fcr die Gastmannschaft zum Einwerfen.<br \/>\n3. Die Kontrolle des Liga-Protokolls vor Spielbeginn. ( Richtigkeit der Aufstellung, der Leserlichkeit und des Ausf\u00fcllen des Liga-Protokolls.)<br \/>\n4. Er hat darauf zu achten, dass sich Spieler, welche lt. Spielablauf des Spielprotokolls an der Reihe sind, sofort am Turnierger\u00e4t einfinden.<br \/>\n5. Das Spielprotokoll ist von der Heimmannschaft bis sp\u00e4testens Montag nach der jeweiligen Begegnung an die Ligaverwaltung zu senden. Sollte das Spielprotokoll nicht fristgerecht bei der Ligaverwaltung einlangen, so wird das Spiel mit 0:11 gewertet.<br \/>\n6. Das Ligaprotokoll wird per Fax 04243 \/ 3210011, E-Mail: ossiacherseecup@gmail.com oder WhatsAPP: 0676\/3081502 der Ligaverwaltung \u00fcbermittelt.<\/p>\n<h3>4. M\u00fcnzeinwurf<\/h3>\n<p>Der jeweilige Wirt hat das Dartger\u00e4t zur Verf\u00fcgung zu stellen. Jede Mannschaft\/Team hat pro Spieltag bei dem zu spielenden Wirten einen Betrag von \u20ac 10.- zu entrichten!<\/p>\n<h3>5. Spielabschnitte<\/h3>\n<p>1. Jedes Doppelspiel besteht aus 12 Begegnungen (LEGS).<br \/>\n2. In allen Abschnitten m\u00fcssen die Spieler zum Einsatz kommen. Auf-stellungsfehler werden mit 1:0 f\u00fcr die Gegnermannschaft gewertet.<\/p>\n<h3>6. Spieltermine<\/h3>\n<p>1. Der jeweilige Spieltermin aus dem Turnierkalender ist f\u00fcr alle Mannschaften \/ Teams verbindlich. Vereinbarungen innerhalb der Frist sind einzuhalten.<br \/>\n2. Bei h\u00f6herer Gewalt ( Unfall, Stau, Unwetter, Autopanne ) sollte die gegnerische Mannschaft bis sp\u00e4testens 1 Stunde danach informiert werden.<\/p>\n<h3>7. Punkte<\/h3>\n<p>1. Jedes Team erh\u00e4lt f\u00fcr einen Sieg 1 Punkt.<br \/>\n2. Kein Check-out bis zur 10. Runde, erhalten beide Teams 1 Punkt.<\/p>\n<h3>8. Nichtantreten einer Mannschaft<\/h3>\n<p>1. Tritt eine Mannschaft zweimal zu einem Ligaspiel nicht an, so wird sie automatisch von der Liga gestrichen. Alle Spiele dieser Mannschaft werden mit 0:12 gewertet.<br \/>\n2. Tritt eine Mannschaft nicht an, weil sie nichts mehr zu verlieren hat ( z.B. Mannschaft ist fix Erster und hilft einen m\u00f6glichen Letzten) werden 4 Punkte aus der Ligatabelle abgezogen. Bei erstmaligem Nichtantritt werden 2 Punkte in der Ligatabelle abgezogen.<\/p>\n<h3>9. Allgemeine Ligaregeln<\/h3>\n<p>1. Bei einem Ligaspiel gelten nur die aktuellen allgemeinen Turnierregeln.<br \/>\n2. Es muss ausnahmslos das vom OSDC vorgegebene Spielprotokoll verwendet werden. Dieses ist von der Heimmannschaft zur Verf\u00fcgung zu stellen.<br \/>\n3. Das Spielprotokoll wird von der Ligaverwaltung nur anerkannt, wenn es vorschriftsm\u00e4\u00dfig ausgef\u00fcllt, aktuell und von beiden Mannschaftsf\u00fchrern unterschrieben wurde.<br \/>\n4. Es wird 301 DO \u2013 LEAGUE gespielt.<br \/>\n5. In Ligaspielen gilt allgemein eine Rundenbegrenzung von 10 Runden.<br \/>\n6. Bei \u00dcberschreitung (kein Check-out)\u00a0 erhalten beide Teams 1 Punkt.<\/p>\n<h3>10. Tabelle\/Wertungen<\/h3>\n<p>1. F\u00fcr jedes gespielte Spiel wird 1 Punkt vergeben.<br \/>\n2. Kein Check-out bis zur 10. Runde, erhalten beide Teams 1 Punkt<br \/>\n3. Keine Damenpunkte.<br \/>\n4. F\u00fcr den Matchsieg gibt es 2 Punkte, bei Unentschieden bekommt jede Mannschaft 1 Punkt.<br \/>\n4. Wertungsreihenfolge<br \/>\n4.1 Mannschaftspunkte<br \/>\n4.2 Direktes Verh\u00e4ltnis<br \/>\n4.3 Entscheidungsspiel auf neutralem Boden<\/p>\n<h1 style=\"text-align: center;\">Allgemeine Regeln und Richtlinien f\u00fcr OSDC-PREMIER-LEAGUE<\/h1>\n<h3>1. Spieler<\/h3>\n<p>1. Eine Spieler muss bei dem (OSDC Ossiachersee Dart Cup) gemeldet sein.<br \/>\n2. Eine Spieler muss 50% seiner Spiele selbst spielen.<br \/>\n3. Das Nenngeld muss am 1. Spieltag bezahlt sein.<\/p>\n<h3>2. Ersatzspieler<\/h3>\n<p>1. Ein Ersatzspieler mu\u00df entweder Doppel- oder Mannschaftspieler und nicht PREMIER-LEAGUE-SPIELER sein.<br \/>\n2. Der Ersatzspieler kann bei mehreren Spielern einspringen!<br \/>\n3. Ein Ersatzspieler darf kein Finale spielen!<\/p>\n<h3>3.Heimspieler (1. Name im Match zb. WERNER &#8211; RENE dann ist WERNER der Heimspieler)<\/h3>\n<p>1. Ist zust\u00e4ndig f\u00fcr die Einhaltung der Liga-Regeln und ordnungsgem\u00e4\u00dfer Ablauf des Ligaspiels.<br \/>\n2. Die Ger\u00e4tebereitstellung mindestens 15 Min. vor dem angesetzten Spielbeginn und f\u00fcr den Gastspieler den Einwurf zu erledigen.<br \/>\n3. Die Kontrolle des Liga-Protokolls vor Spielbeginn. ( Richtigkeit der Aufstellung, der Leserlichkeit und des Ausf\u00fcllen des Liga-Protokolls.)<br \/>\n4. Er hat darauf zu achten, dass sich Spieler, welche lt. Spielablauf des Spielprotokolls an der Reihe sind, sofort am Turnierger\u00e4t einfinden.<br \/>\n5. Das Spielprotokoll ist von der Heimmspieler bis sp\u00e4testens Montag nach der jeweiligen Begegnung an die Ligaverwaltung zu senden. Sollte das Spielprotokoll nicht fristgerecht bei der Ligaverwaltung einlangen, so wird das Spiel mit 0:10 gewertet.<br \/>\n6. Das Ligaprotokoll wird per Fax 04243 \/ 3210011, E-Mail: ossiacherseecup@gmail.com oder WhatsAPP: 0676\/3081502 der Ligaverwaltung \u00fcbermittelt.<\/p>\n<h3>4. M\u00fcnzeinwurf<\/h3>\n<p>Der jeweilige Wirt hat das Dartger\u00e4t zur Verf\u00fcgung zu stellen. Die Spielbetr\u00e4ge sind am 1. Spieltag zu zahlen = Nenngeld!<\/p>\n<h3>5. Spielabschnitte<\/h3>\n<p>1. Jedes Spiel besteht aus 10 Begegnungen (LEGS).<br \/>\n2. In allen Abschnitten m\u00fcssen die Spieler zum Einsatz kommen. Aufstellungsfehler werden mit 1:0 f\u00fcr den Gastspieler gewertet.<\/p>\n<h3>6. Spieltermine<\/h3>\n<p>1. Die Spieltermine sind auf osdc.at ersichtlich und f\u00fcr jeden Spieler verpflichtend.<br \/>\n2. Bei h\u00f6herer Gewalt ( Unfall, Stau, Unwetter, Autopanne ) sollten die gegnerischen Spieler bis sp\u00e4testens 1 Stunde danach informiert werden.<br \/>\n3. Bei nichtantreten hat ein Spieler die M\u00f6glichkeit einen Ersatzspieler zu senden, ansonsten werden die Spiele unter Absparche nachgespielt oder mit 10:0 f\u00fcr den Gegner gewertet!<\/p>\n<h3>7. Punkte<\/h3>\n<p>1. Jedes Spieler erh\u00e4lt f\u00fcr einen Sieg 1 Punkt.<br \/>\n2. Kein Check-out bis zur 10. Runde, erhalten beide Spieler 1 Punkt. (Au\u00dfnahme Gruppe-C hier werden in den ersten 4 Legs Highscore gespielt, der Sieger erh\u00e4lt 1 Punkt, bei gleichstand beide 1 Punkt.)<\/p>\n<h3>8. Nichtantreten einer Mannschaft<\/h3>\n<p>1. Tritt eine Spieler zweimal zu einem Ligaspiel nicht an, so wird sie automatisch von der Liga gestrichen. Alle Spiele dieser Mannschaft werden mit 0:10 gewertet.<br \/>\n2. Tritt eine Spieler nicht an, weil er nichts mehr zu verlieren hat ( z.B. Spieler ist fix Erster und hilft einen m\u00f6glichen Letzten) werden 4 Punkte aus der Ligatabelle abgezogen. Bei erstmaligem Nichtantritt werden 2 Punkte in der Ligatabelle abgezogen.<\/p>\n<h3>9. Allgemeine Ligaregeln<\/h3>\n<p>1. Bei einem Ligaspiel gelten nur die aktuellen allgemeinen Turnierregeln.<br \/>\n2. Es muss ausnahmslos das vom OSDC vorgegebene Spielprotokoll verwendet werden. Dieses ist von der Heimmspieler zur Verf\u00fcgung zu stellen.<br \/>\n3. Das Spielprotokoll wird von der Ligaverwaltung nur anerkannt, wenn es vorschriftsm\u00e4\u00dfig ausgef\u00fcllt, aktuell und von beiden Spielern unterschrieben wurde.<br \/>\n4. Es wird 301 DO gespielt (Au\u00dfnahme Gruppe C, die ersten 4 Legs sind Highscore zu je 7 Runden!).<br \/>\n5. In Ligaspielen gilt allgemein eine Rundenbegrenzung von 10 Runden.<br \/>\n6. Bei \u00dcberschreitung (kein Check-out) erhalten beide Spieler 1 Punkt.<\/p>\n<h3>10. Tabelle\/Wertungen<\/h3>\n<p>1. F\u00fcr jedes gespielte Spiel wird 1 Punkt vergeben.<br \/>\n2. Kein Check-out bis zur 10. Runde, erhalten beide Spieler 1 Punkt<br \/>\n3. F\u00fcr den Matchsieg gibt es 2 Punkte, bei Unentschieden bekommt jeder Spieler 1 Punkt.<br \/>\n4. Wertungsreihenfolge ist wie folgt:<br \/>\n4.1 Mannschaftspunkte<br \/>\n4.2 Direktes Verh\u00e4ltnis<br \/>\n4.3 Entscheidungsspiel auf neutralem Boden (kein Ersatzspieler)<br \/>\n5. Auf- und Abstieg, Relegation &amp; Finale<br \/>\n5.1 Die jeweiligen 2 letzen den oberen Gruppe steigen fix ab!<br \/>\n5.2 Der 3-letze und 3. der unteren Liga Spielen ein Relegationmatch mit min. 1 LEG unterschied, Anwurf hat der Spieler der oberen Liga (kein Ersatzspieler)!<br \/>\n5.3 Das Relegationsmatch kann nach eigenen Ermessen gespielt werden!<\/p>\n","protected":false},"excerpt":{"rendered":"<p>Allgemeine Regeln und Richtlinien f\u00fcr OSDC &#8211; DART CUP 1. Mannschaft 1. Eine Mannschaft muss bei dem (OSDC Ossiachersee Dart Cup) gemeldet sein. 2. Eine Mannschaft besteht pro Ligaspiel aus mindestens 3,h\u00f6chstens 8 Personen, die zum Einsatz kommen. 3. Wenn nur 3 Spieler zum Einsatz kommen ist von dieser Mannschaft auf dem Spielbericht H-4 bzw. [&hellip;]<\/p>\n","protected":false},"author":1,"featured_media":0,"parent":0,"menu_order":0,"comment_status":"closed","ping_status":"closed","template":"","meta":{"footnotes":""},"categories":[],"tags":[],"class_list":["post-36","page","type-page","status-publish","hentry"],"_links":{"self":[{"href":"https:\/\/www.osdc.at\/index.php?rest_route=\/wp\/v2\/pages\/36"}],"collection":[{"href":"https:\/\/www.osdc.at\/index.php?rest_route=\/wp\/v2\/pages"}],"about":[{"href":"https:\/\/www.osdc.at\/index.php?rest_route=\/wp\/v2\/types\/page"}],"author":[{"embeddable":true,"href":"https:\/\/www.osdc.at\/index.php?rest_route=\/wp\/v2\/users\/1"}],"replies":[{"embeddable":true,"href":"https:\/\/www.osdc.at\/index.php?rest_route=%2Fwp%2Fv2%2Fcomments&post=36"}],"version-history":[{"count":23,"href":"https:\/\/www.osdc.at\/index.php?rest_route=\/wp\/v2\/pages\/36\/revisions"}],"predecessor-version":[{"id":613,"href":"https:\/\/www.osdc.at\/index.php?rest_route=\/wp\/v2\/pages\/36\/revisions\/613"}],"wp:attachment":[{"href":"https:\/\/www.osdc.at\/index.php?rest_route=%2Fwp%2Fv2%2Fmedia&parent=36"}],"wp:term":[{"taxonomy":"category","embeddable":true,"href":"https:\/\/www.osdc.at\/index.php?rest_route=%2Fwp%2Fv2%2Fcategories&post=36"},{"taxonomy":"post_tag","embeddable":true,"href":"https:\/\/www.osdc.at\/index.php?rest_route=%2Fwp%2Fv2%2Ftags&post=36"}],"curies":[{"name":"wp","href":"https:\/\/api.w.org\/{rel}","templated":true}]}}